{"id":341,"date":"2021-05-16T02:45:09","date_gmt":"2021-05-16T02:45:09","guid":{"rendered":"https:\/\/epapar.gob.ec\/epapar\/?page_id=341"},"modified":"2021-05-16T02:52:01","modified_gmt":"2021-05-16T02:52:01","slug":"vision-y-mision","status":"publish","type":"page","link":"https:\/\/epapar.gob.ec\/epapar\/index.php\/vision-y-mision\/","title":{"rendered":"visi\u00f3n y misi\u00f3n"},"content":{"rendered":"\t\t<div data-elementor-type=\"wp-page\" data-elementor-id=\"341\" class=\"elementor elementor-341\">\n\t\t\t\t\t\t<section class=\"elementor-section elementor-top-section elementor-element elementor-element-4661eb39 elementor-section-content-middle elementor-section-boxed elementor-section-height-default elementor-section-height-default\" data-id=\"4661eb39\" data-element_type=\"section\" data-e-type=\"section\" data-settings=\"{&quot;_ha_eqh_enable&quot;:false}\">\n\t\t\t\t\t\t<div class=\"elementor-container elementor-column-gap-no\">\n\t\t\t\t\t<div class=\"elementor-column elementor-col-100 elementor-top-column elementor-element elementor-element-42821b8\" data-id=\"42821b8\" data-element_type=\"column\" data-e-type=\"column\">\n\t\t\t<div class=\"elementor-widget-wrap elementor-element-populated\">\n\t\t\t\t\t\t<div class=\"elementor-element elementor-element-762c761 elementor-widget elementor-widget-heading\" data-id=\"762c761\" data-element_type=\"widget\" data-e-type=\"widget\" data-widget_type=\"heading.default\">\n\t\t\t\t<div class=\"elementor-widget-container\">\n\t\t\t\t\t<h4 class=\"elementor-heading-title elementor-size-xxl\">Empresa P\u00fablica de Agua P\u00f3table \ny Alcantarillado del Cant\u00f3n Rocafuerte.<\/h4>\t\t\t\t<\/div>\n\t\t\t\t<\/div>\n\t\t\t\t<section class=\"elementor-section elementor-inner-section elementor-element elementor-element-62772317 elementor-section-content-middle elementor-section-boxed elementor-section-height-default elementor-section-height-default\" data-id=\"62772317\" data-element_type=\"section\" data-e-type=\"section\" data-settings=\"{&quot;_ha_eqh_enable&quot;:false}\">\n\t\t\t\t\t\t<div class=\"elementor-container elementor-column-gap-default\">\n\t\t\t\t\t<div class=\"elementor-column elementor-col-50 elementor-inner-column elementor-element elementor-element-5429825d\" data-id=\"5429825d\" data-element_type=\"column\" data-e-type=\"column\">\n\t\t\t<div class=\"elementor-widget-wrap elementor-element-populated\">\n\t\t\t\t\t\t<div class=\"elementor-element elementor-element-6dc90f7c elementor-widget elementor-widget-accordion\" data-id=\"6dc90f7c\" data-element_type=\"widget\" data-e-type=\"widget\" data-widget_type=\"accordion.default\">\n\t\t\t\t<div class=\"elementor-widget-container\">\n\t\t\t\t\t\t\t<div class=\"elementor-accordion\">\n\t\t\t\t\t\t\t<div class=\"elementor-accordion-item\">\n\t\t\t\t\t<div id=\"elementor-tab-title-1841\" class=\"elementor-tab-title\" data-tab=\"1\" role=\"button\" aria-controls=\"elementor-tab-content-1841\" aria-expanded=\"false\">\n\t\t\t\t\t\t\t\t\t\t\t\t\t<span class=\"elementor-accordion-icon elementor-accordion-icon-right\" aria-hidden=\"true\">\n\t\t\t\t\t\t\t\t\t\t\t\t\t\t\t<span class=\"elementor-accordion-icon-closed\"><i class=\"far fa-arrow-alt-circle-right\"><\/i><\/span>\n\t\t\t\t\t\t\t\t<span class=\"elementor-accordion-icon-opened\"><i class=\"far fa-arrow-alt-circle-right\"><\/i><\/span>\n\t\t\t\t\t\t\t\t\t\t\t\t\t\t<\/span>\n\t\t\t\t\t\t\t\t\t\t\t\t<a class=\"elementor-accordion-title\" tabindex=\"0\">Visi\u00f3n<\/a>\n\t\t\t\t\t<\/div>\n\t\t\t\t\t<div id=\"elementor-tab-content-1841\" class=\"elementor-tab-content elementor-clearfix\" data-tab=\"1\" role=\"region\" aria-labelledby=\"elementor-tab-title-1841\"><p>La Empresa P\u00fablica de Agua Potable y Alcantarillado del Cant\u00f3n Rocafuerte EPAPAR se proyecta a ser una empresa eficiente y eficaz con la capacidad de dotar un servicio de agua potable y alcantarillado las 24 horas diarias brindando un servicio colectivo satisfaciendo las necesidades de todos los habitantes, y que sustentada en la autogesti\u00f3n garantizara la continuidad del servicio lo que nos permitir\u00e1 cumplir con nuestro compromiso social.<\/p><\/div>\n\t\t\t\t<\/div>\n\t\t\t\t\t\t\t\t<\/div>\n\t\t\t\t\t\t<\/div>\n\t\t\t\t<\/div>\n\t\t\t\t\t<\/div>\n\t\t<\/div>\n\t\t\t\t<div class=\"elementor-column elementor-col-50 elementor-inner-column elementor-element elementor-element-20583c08\" data-id=\"20583c08\" data-element_type=\"column\" data-e-type=\"column\">\n\t\t\t<div class=\"elementor-widget-wrap elementor-element-populated\">\n\t\t\t\t\t\t<div class=\"elementor-element elementor-element-65b30da0 elementor-widget elementor-widget-accordion\" data-id=\"65b30da0\" data-element_type=\"widget\" data-e-type=\"widget\" data-widget_type=\"accordion.default\">\n\t\t\t\t<div class=\"elementor-widget-container\">\n\t\t\t\t\t\t\t<div class=\"elementor-accordion\">\n\t\t\t\t\t\t\t<div class=\"elementor-accordion-item\">\n\t\t\t\t\t<div id=\"elementor-tab-title-1701\" class=\"elementor-tab-title\" data-tab=\"1\" role=\"button\" aria-controls=\"elementor-tab-content-1701\" aria-expanded=\"false\">\n\t\t\t\t\t\t\t\t\t\t\t\t\t<span class=\"elementor-accordion-icon elementor-accordion-icon-right\" aria-hidden=\"true\">\n\t\t\t\t\t\t\t\t\t\t\t\t\t\t\t<span class=\"elementor-accordion-icon-closed\"><i class=\"far fa-arrow-alt-circle-right\"><\/i><\/span>\n\t\t\t\t\t\t\t\t<span class=\"elementor-accordion-icon-opened\"><i class=\"far fa-arrow-alt-circle-right\"><\/i><\/span>\n\t\t\t\t\t\t\t\t\t\t\t\t\t\t<\/span>\n\t\t\t\t\t\t\t\t\t\t\t\t<a class=\"elementor-accordion-title\" tabindex=\"0\">Misi\u00f3n<\/a>\n\t\t\t\t\t<\/div>\n\t\t\t\t\t<div id=\"elementor-tab-content-1701\" class=\"elementor-tab-content elementor-clearfix\" data-tab=\"1\" role=\"region\" aria-labelledby=\"elementor-tab-title-1701\"><p>Ser una Empresa P\u00fablica que dota del servicio de Agua Potable y Alcantarillado con el fin de servir a la colectividad, preservando la salud de la poblaci\u00f3n y el medio ambiente.<\/p><p>.<\/p><\/div>\n\t\t\t\t<\/div>\n\t\t\t\t\t\t\t\t<\/div>\n\t\t\t\t\t\t<\/div>\n\t\t\t\t<\/div>\n\t\t\t\t\t<\/div>\n\t\t<\/div>\n\t\t\t\t\t<\/div>\n\t\t<\/section>\n\t\t\t\t\t<\/div>\n\t\t<\/div>\n\t\t\t\t\t<\/div>\n\t\t<\/section>\n\t\t\t\t<\/div>\n\t\t","protected":false},"excerpt":{"rendered":"<p>Empresa P\u00fablica de Agua P\u00f3table y Alcantarillado del Cant\u00f3n Rocafuerte. Visi\u00f3n La Empresa P\u00fablica de Agua Potable y Alcantarillado del Cant\u00f3n Rocafuerte EPAPAR se proyecta a ser una empresa eficiente y eficaz con la capacidad de dotar un servicio de agua potable y alcantarillado las 24 horas diarias brindando un&#8230;<\/p>\n","protected":false},"author":5,"featured_media":0,"parent":0,"menu_order":0,"comment_status":"closed","ping_status":"closed","template":"page-templates\/template-pagebuilder-full-width.php","meta":{"advgb_blocks_editor_width":"","advgb_blocks_columns_visual_guide":"","footnotes":""},"class_list":["post-341","page","type-page","status-publish","hentry"],"coauthors":[],"author_meta":{"author_link":"https:\/\/epapar.gob.ec\/epapar\/index.php\/author\/comunicacion\/","display_name":"Julio Bravo Rodriguez"},"relative_dates":{"created":"Publicado 5 a\u00f1os hace","modified":"Actualizado 5 a\u00f1os hace"},"absolute_dates":{"created":"Publicado el mayo 16, 2021","modified":"Actualizado el mayo 16, 2021"},"absolute_dates_time":{"created":"Publicado el mayo 16, 2021 2:45 am","modified":"Actualizado el mayo 16, 2021 2:52 am"},"featured_img_caption":"","featured_img":false,"series_order":"","uagb_featured_image_src":{"full":false,"thumbnail":false,"medium":false,"medium_large":false,"large":false,"1536x1536":false,"2048x2048":false,"tp-image-grid":false,"hestia-blog":false},"uagb_author_info":{"display_name":"Julio Bravo Rodriguez","author_link":"https:\/\/epapar.gob.ec\/epapar\/index.php\/author\/comunicacion\/"},"uagb_comment_info":0,"uagb_excerpt":"Empresa P\u00fablica de Agua P\u00f3table y Alcantarillado del Cant\u00f3n Rocafuerte. Visi\u00f3n La Empresa P\u00fablica de Agua Potable y Alcantarillado del Cant\u00f3n Rocafuerte EPAPAR se proyecta a ser una empresa eficiente y eficaz con la capacidad de dotar un servicio de agua potable y alcantarillado las 24 horas diarias brindando un...","_links":{"self":[{"href":"https:\/\/epapar.gob.ec\/epapar\/index.php\/wp-json\/wp\/v2\/pages\/341","targetHints":{"allow":["GET"]}}],"collection":[{"href":"https:\/\/epapar.gob.ec\/epapar\/index.php\/wp-json\/wp\/v2\/pages"}],"about":[{"href":"https:\/\/epapar.gob.ec\/epapar\/index.php\/wp-json\/wp\/v2\/types\/page"}],"author":[{"embeddable":true,"href":"https:\/\/epapar.gob.ec\/epapar\/index.php\/wp-json\/wp\/v2\/users\/5"}],"replies":[{"embeddable":true,"href":"https:\/\/epapar.gob.ec\/epapar\/index.php\/wp-json\/wp\/v2\/comments?post=341"}],"version-history":[{"count":7,"href":"https:\/\/epapar.gob.ec\/epapar\/index.php\/wp-json\/wp\/v2\/pages\/341\/revisions"}],"predecessor-version":[{"id":352,"href":"https:\/\/epapar.gob.ec\/epapar\/index.php\/wp-json\/wp\/v2\/pages\/341\/revisions\/352"}],"wp:attachment":[{"href":"https:\/\/epapar.gob.ec\/epapar\/index.php\/wp-json\/wp\/v2\/media?parent=341"}],"curies":[{"name":"wp","href":"https:\/\/api.w.org\/{rel}","templated":true}]}}