{"id":13,"date":"2021-04-29T00:47:09","date_gmt":"2021-04-29T00:47:09","guid":{"rendered":"https:\/\/epapar.gob.ec\/epapar\/?page_id=13"},"modified":"2021-05-01T23:06:36","modified_gmt":"2021-05-01T23:06:36","slug":"contacto","status":"publish","type":"page","link":"https:\/\/epapar.gob.ec\/epapar\/index.php\/contacto\/","title":{"rendered":"Contacto"},"content":{"rendered":"\n<div class=\"wp-block-columns alignfull is-layout-flex wp-container-core-columns-is-layout-9d6595d7 wp-block-columns-is-layout-flex\">\n<div class=\"wp-block-column is-vertically-aligned-center is-layout-flow wp-block-column-is-layout-flow\">\n<div class=\"wp-block-columns is-layout-flex wp-container-core-columns-is-layout-9d6595d7 wp-block-columns-is-layout-flex\">\n<div class=\"wp-block-column is-layout-flow wp-block-column-is-layout-flow\">\n<iframe src=\"https:\/\/www.google.com\/maps\/embed?pb=!1m18!1m12!1m3!1d3989.2977372198843!2d-80.454157885727!3d-0.9255733355989394!2m3!1f0!2f0!3f0!3m2!1i1024!2i768!4f13.1!3m3!1m2!1s0x902b95888f5df35d%3A0x6ed97b10ed38e455!2sEPAPAR!5e0!3m2!1ses!2sec!4v1619909698211!5m2!1ses!2sec\" width=\"600\" height=\"450\" style=\"border:0;\" allowfullscreen=\"\" loading=\"lazy\"><\/iframe>\n<\/div>\n\n\n\n<div class=\"wp-block-column is-vertically-aligned-center is-layout-flow wp-block-column-is-layout-flow\"><div class=\"aligncenter wp-block-calendar\"><table id=\"wp-calendar\" class=\"wp-calendar-table\">\n\t<caption>abril 2026<\/caption>\n\t<thead>\n\t<tr>\n\t\t<th scope=\"col\" aria-label=\"lunes\">L<\/th>\n\t\t<th scope=\"col\" aria-label=\"martes\">M<\/th>\n\t\t<th scope=\"col\" aria-label=\"mi\u00e9rcoles\">X<\/th>\n\t\t<th scope=\"col\" aria-label=\"jueves\">J<\/th>\n\t\t<th scope=\"col\" aria-label=\"viernes\">V<\/th>\n\t\t<th scope=\"col\" aria-label=\"s\u00e1bado\">S<\/th>\n\t\t<th scope=\"col\" aria-label=\"domingo\">D<\/th>\n\t<\/tr>\n\t<\/thead>\n\t<tbody>\n\t<tr>\n\t\t<td colspan=\"2\" class=\"pad\">&nbsp;<\/td><td>1<\/td><td>2<\/td><td>3<\/td><td>4<\/td><td>5<\/td>\n\t<\/tr>\n\t<tr>\n\t\t<td>6<\/td><td>7<\/td><td>8<\/td><td>9<\/td><td>10<\/td><td>11<\/td><td>12<\/td>\n\t<\/tr>\n\t<tr>\n\t\t<td>13<\/td><td>14<\/td><td>15<\/td><td>16<\/td><td>17<\/td><td>18<\/td><td>19<\/td>\n\t<\/tr>\n\t<tr>\n\t\t<td><a href=\"https:\/\/epapar.gob.ec\/epapar\/index.php\/2026\/04\/20\/\" aria-label=\"Entradas publicadas el 20 de April de 2026\">20<\/a><\/td><td>21<\/td><td>22<\/td><td>23<\/td><td id=\"today\">24<\/td><td>25<\/td><td>26<\/td>\n\t<\/tr>\n\t<tr>\n\t\t<td>27<\/td><td>28<\/td><td>29<\/td><td>30<\/td>\n\t\t<td class=\"pad\" colspan=\"3\">&nbsp;<\/td>\n\t<\/tr>\n\t<\/tbody>\n\t<\/table><nav aria-label=\"Meses anteriores y posteriores\" class=\"wp-calendar-nav\">\n\t\t<span class=\"wp-calendar-nav-prev\"><a href=\"https:\/\/epapar.gob.ec\/epapar\/index.php\/2025\/03\/\">&laquo; Mar<\/a><\/span>\n\t\t<span class=\"pad\">&nbsp;<\/span>\n\t\t<span class=\"wp-calendar-nav-next\">&nbsp;<\/span>\n\t<\/nav><\/div><\/div>\n<\/div>\n<\/div>\n<\/div>\n\n\n\n<div class=\"wp-block-columns container is-layout-flex wp-container-core-columns-is-layout-9d6595d7 wp-block-columns-is-layout-flex\">\n<div class=\"wp-block-column is-vertically-aligned-center is-layout-flow wp-block-column-is-layout-flow\">\n<h2 class=\"hestia-title wp-block-heading\">Env\u00edanos un Mensaje<\/h2>\n\n\n\n<div style=\"height:40px\" aria-hidden=\"true\" class=\"wp-block-spacer\"><\/div>\n\n\n\n<div class=\"contact-wrapper\">\n\t\t\t\t\t\t\t\t\t\t\t\t\t\t\t\t\t\t\t<div class=\"content\">\n\t\t\t\n\t\t\t  <form>\n\t\t\t   <div class=\"form-group\">\n\t\t\t    <input type=\"text\" id=\"fname\" name=\"firstname\" placeholder=\"Tu Nombre..\">\n\t\t\t<\/div>\n\t\t\t<div class=\"form-group\">\n\t\t\t    <input type=\"text\" id=\"lname\" name=\"lastname\" placeholder=\"Tu Apellido..\">\n\t\t\t<\/div>\n\t\t\t<div class=\"form-group\">\n\t\t\t    <textarea id=\"subject\" name=\"subject\" placeholder=\"Escribe algo..\" style=\"height:200px\"><\/textarea>\n\t\t\t<\/div>\n\t\t\t    <input type=\"submit\" value=\"Enviar\">\n\t\t\t\n\t\t\t  <\/form>\n\t\t\t<\/div>\n\t\t\t<\/div>\n<\/div>\n\n\n\n<div class=\"wp-block-column is-vertically-aligned-center is-layout-flow wp-block-column-is-layout-flow\">\n<div class=\"wp-block-columns is-layout-flex wp-container-core-columns-is-layout-9d6595d7 wp-block-columns-is-layout-flex\">\n<div class=\"wp-block-column is-layout-flow wp-block-column-is-layout-flow\"><\/div>\n\n\n\n<div class=\"wp-block-column is-layout-flow wp-block-column-is-layout-flow\" style=\"flex-basis:50%\">\n<h4 class=\"has-text-align-left hestia-title has-text-color wp-block-heading\" style=\"color:#3c4858;font-size:18px\"><img decoding=\"async\" class=\"wp-image-86\" style=\"width: 25px;\" src=\"https:\/\/epapar.gob.ec\/epapar\/wp-content\/themes\/hestia\/assets\/img\/contact1.png\" alt=\"Map icon\">  Encuentra nuestras Oficinas.<\/h4>\n\n\n\n<p class=\"has-text-align-left has-text-color\" style=\"color:#999999;font-size:14px\">Calle Independencia entre calle Bol\u00edvar y Atahualpa<br>Rocafuerte, Manab\u00ed<br>Ecuador<\/p>\n\n\n\n<div style=\"height:40px\" aria-hidden=\"true\" class=\"wp-block-spacer\"><\/div>\n\n\n\n<h4 class=\"has-text-align-left hestia-title has-text-color wp-block-heading\" style=\"color:#3c4858;font-size:18px\"><img decoding=\"async\" class=\"wp-image-98\" style=\"width: 25px;\" src=\"https:\/\/epapar.gob.ec\/epapar\/wp-content\/themes\/hestia\/assets\/img\/contact2.png\" alt=\"\">  <strong><strong>Tel\u00e9fono <\/strong><\/strong><\/h4>\n\n\n\n<p class=\"has-text-align-left has-text-color\" style=\"color:#999999;font-size:14px\">EPAPAR<br>+05-2644230<br>Lunes- Viernes, 8:00-17:00<\/p>\n\n\n\n<div style=\"height:40px\" aria-hidden=\"true\" class=\"wp-block-spacer\"><\/div>\n\n\n\n<h4 class=\"has-text-align-left hestia-title has-text-color wp-block-heading\" style=\"color:#3c4858;font-size:18px\"><img decoding=\"async\" class=\"wp-image-105\" style=\"width: 25px;\" src=\"https:\/\/epapar.gob.ec\/epapar\/wp-content\/themes\/hestia\/assets\/img\/contact3.png\" alt=\"\"><strong>  Informaci\u00f3n Legal<\/strong><\/h4>\n\n\n\n<p class=\"has-text-align-left has-text-color\" style=\"color:#999999;font-size:14px\">Empresa Publica de Agua Potable Y Alcantarillado del Cant\u00f3n Rocafuerte<\/p>\n<\/div>\n\n\n\n<div class=\"wp-block-column is-layout-flow wp-block-column-is-layout-flow\"><\/div>\n<\/div>\n<\/div>\n<\/div>\n\n\n\n<p><\/p>\n","protected":false},"excerpt":{"rendered":"<p>Env\u00edanos un Mensaje Encuentra nuestras Oficinas. Calle Independencia entre calle Bol\u00edvar y AtahualpaRocafuerte, Manab\u00edEcuador Tel\u00e9fono EPAPAR+05-2644230Lunes- Viernes, 8:00-17:00 Informaci\u00f3n Legal Empresa Publica de Agua Potable Y Alcantarillado del Cant\u00f3n Rocafuerte<\/p>\n","protected":false},"author":5,"featured_media":0,"parent":0,"menu_order":0,"comment_status":"closed","ping_status":"closed","template":"page-templates\/template-pagebuilder-full-width.php","meta":{"advgb_blocks_editor_width":"","advgb_blocks_columns_visual_guide":"","footnotes":""},"class_list":["post-13","page","type-page","status-publish","hentry"],"coauthors":[],"author_meta":{"author_link":"https:\/\/epapar.gob.ec\/epapar\/index.php\/author\/comunicacion\/","display_name":"Julio Bravo Rodriguez"},"relative_dates":{"created":"Publicado 5 a\u00f1os hace","modified":"Actualizado 5 a\u00f1os hace"},"absolute_dates":{"created":"Publicado el abril 29, 2021","modified":"Actualizado el mayo 1, 2021"},"absolute_dates_time":{"created":"Publicado el abril 29, 2021 12:47 am","modified":"Actualizado el mayo 1, 2021 11:06 pm"},"featured_img_caption":"","featured_img":false,"series_order":"","uagb_featured_image_src":{"full":false,"thumbnail":false,"medium":false,"medium_large":false,"large":false,"1536x1536":false,"2048x2048":false,"tp-image-grid":false,"hestia-blog":false},"uagb_author_info":{"display_name":"Julio Bravo Rodriguez","author_link":"https:\/\/epapar.gob.ec\/epapar\/index.php\/author\/comunicacion\/"},"uagb_comment_info":0,"uagb_excerpt":"Env\u00edanos un Mensaje Encuentra nuestras Oficinas. Calle Independencia entre calle Bol\u00edvar y AtahualpaRocafuerte, Manab\u00edEcuador Tel\u00e9fono EPAPAR+05-2644230Lunes- Viernes, 8:00-17:00 Informaci\u00f3n Legal Empresa Publica de Agua Potable Y Alcantarillado del Cant\u00f3n Rocafuerte","_links":{"self":[{"href":"https:\/\/epapar.gob.ec\/epapar\/index.php\/wp-json\/wp\/v2\/pages\/13","targetHints":{"allow":["GET"]}}],"collection":[{"href":"https:\/\/epapar.gob.ec\/epapar\/index.php\/wp-json\/wp\/v2\/pages"}],"about":[{"href":"https:\/\/epapar.gob.ec\/epapar\/index.php\/wp-json\/wp\/v2\/types\/page"}],"author":[{"embeddable":true,"href":"https:\/\/epapar.gob.ec\/epapar\/index.php\/wp-json\/wp\/v2\/users\/5"}],"replies":[{"embeddable":true,"href":"https:\/\/epapar.gob.ec\/epapar\/index.php\/wp-json\/wp\/v2\/comments?post=13"}],"version-history":[{"count":9,"href":"https:\/\/epapar.gob.ec\/epapar\/index.php\/wp-json\/wp\/v2\/pages\/13\/revisions"}],"predecessor-version":[{"id":127,"href":"https:\/\/epapar.gob.ec\/epapar\/index.php\/wp-json\/wp\/v2\/pages\/13\/revisions\/127"}],"wp:attachment":[{"href":"https:\/\/epapar.gob.ec\/epapar\/index.php\/wp-json\/wp\/v2\/media?parent=13"}],"curies":[{"name":"wp","href":"https:\/\/api.w.org\/{rel}","templated":true}]}}